{"id":31055,"date":"2023-01-11T01:05:29","date_gmt":"2023-01-11T01:05:29","guid":{"rendered":"https:\/\/www.cifor-icraf.org\/a-propos-de-nous\/conseil-dadministration\/"},"modified":"2025-09-15T07:24:22","modified_gmt":"2025-09-15T07:24:22","slug":"conseil-dadministration","status":"publish","type":"page","link":"https:\/\/www.cifor-icraf.org\/fr\/a-propos-de-nous\/conseil-dadministration\/","title":{"rendered":"Conseil d&rsquo;administration"},"content":{"rendered":"\n<p>Le Conseil d\u2019administration du CIFOR-ICRAF pilote le d\u00e9veloppement et la mise en \u0153uvre des questions, politiques, processus et syst\u00e8mes de gouvernance. Le Conseil d\u2019administration est compos\u00e9 de membres poss\u00e9dant des comp\u00e9tences vari\u00e9es dans des domaines tels que la science foresti\u00e8re et agroforesti\u00e8re, la gestion des ressources naturelles, l\u2019audit, les finances et la gestion des risques, ainsi que la politique et la gouvernance. Son mandat principal est de fournir une supervision de la gouvernance, en veillant \u00e0 ce que le CIFOR-ICRAF fonctionne en respectant les standards les plus \u00e9lev\u00e9s pour mener \u00e0 bien sa mission<\/p>\n\n\n\n<div style=\"height:31px\" aria-hidden=\"true\" class=\"wp-block-spacer\"><\/div>\n\n\n\n<h4 class=\"wp-block-heading\">Le conseil d&rsquo;administration du CIFOR-ICRAF<\/h4>\n\n\n<style>\n    .block-bot{ margin-top:0px;}<\/style>\n<div  id=\"bot-section\" class=\" wpe-block _section\">\n    <div class=\"row\">\n        <div class=\"col-lg-12\">\n            <h2 class=\"wpe-section-title\"><\/h2>\n        <\/div>\n    <\/div>\n    \n    <div class=\"block-bot\">\n        <div class=\"row\">\n                    <div class=\"col-lg-3 col-6 bot-grid\">\n                        <a href=\"\/fr\/about\/board-of-trustees\/doris-capistrano\/\">\n                            <div class=\"bot-box\">\n                                <div class=\"bot-image\">\n                                    <img decoding=\"async\" src=\"https:\/\/www.cifor.org\/wp-content\/uploads\/bot\/bot-DorisCapistrano.jpg\" width=\"200\">\n                                <\/div>\n                                <div class=\"clearfix\"><\/div>\n                                <div class=\"bot-text\">\n                                    <div class=\"bot-name\">Doris Capistrano<\/div>\n                                    <div class=\"bot-position\">Pr\u00e9sident du conseil d\u2019administration<\/div>\n                                    <div class=\"bot-profession\"><\/div>\n                                <\/div>\n                            <\/div>\n                        <\/a>\n\n                    <\/div>\n                    <div class=\"col-lg-3 col-6 bot-grid\">\n                        <a href=\"\/fr\/about\/board-of-trustees\/helmy-abouleish\/\">\n                            <div class=\"bot-box\">\n                                <div class=\"bot-image\">\n                                    <img decoding=\"async\" src=\"https:\/\/www.cifor-icraf.org\/wp-content\/uploads\/2024\/06\/Helmy_Abouleish.png\" width=\"200\">\n                                <\/div>\n                                <div class=\"clearfix\"><\/div>\n                                <div class=\"bot-text\">\n                                    <div class=\"bot-name\">Helmy Abouleish<\/div>\n                                    <div class=\"bot-position\">Vice-pr\u00e9sident du conseil<\/div>\n                                    <div class=\"bot-profession\"><\/div>\n                                <\/div>\n                            <\/div>\n                        <\/a>\n\n                    <\/div>\n                    <div class=\"col-lg-3 col-6 bot-grid\">\n                        <a href=\"\/fr\/about\/board-of-trustees\/fabiola-munoz-dodero\/\">\n                            <div class=\"bot-box\">\n                                <div class=\"bot-image\">\n                                    <img decoding=\"async\" src=\"https:\/\/www.cifor-icraf.org\/wp-content\/uploads\/2024\/06\/Fabiola_M.png\" width=\"200\">\n                                <\/div>\n                                <div class=\"clearfix\"><\/div>\n                                <div class=\"bot-text\">\n                                    <div class=\"bot-name\">Fabiola Mu\u00f1oz Dodero<\/div>\n                                    <div class=\"bot-position\">Administrateur<\/div>\n                                    <div class=\"bot-profession\"><\/div>\n                                <\/div>\n                            <\/div>\n                        <\/a>\n\n                    <\/div>\n                    <div class=\"col-lg-3 col-6 bot-grid\">\n                        <a href=\"\/fr\/about\/board-of-trustees\/maria-tengo\/\">\n                            <div class=\"bot-box\">\n                                <div class=\"bot-image\">\n                                    <img decoding=\"async\" src=\"https:\/\/www.cifor-icraf.org\/wp-content\/uploads\/2024\/06\/Maria_T.png\" width=\"200\">\n                                <\/div>\n                                <div class=\"clearfix\"><\/div>\n                                <div class=\"bot-text\">\n                                    <div class=\"bot-name\">Maria Teng\u00f6<\/div>\n                                    <div class=\"bot-position\">Administrateur<\/div>\n                                    <div class=\"bot-profession\"><\/div>\n                                <\/div>\n                            <\/div>\n                        <\/a>\n\n                    <\/div>\n                    <div class=\"col-lg-3 col-6 bot-grid\">\n                        <a href=\"\/fr\/about\/board-of-trustees\/jack-clemons\/\">\n                            <div class=\"bot-box\">\n                                <div class=\"bot-image\">\n                                    <img decoding=\"async\" src=\"https:\/\/www.cifor-icraf.org\/wp-content\/uploads\/2025\/06\/Jack_Clemons.png\" width=\"200\">\n                                <\/div>\n                                <div class=\"clearfix\"><\/div>\n                                <div class=\"bot-text\">\n                                    <div class=\"bot-name\">Jack Clemons<\/div>\n                                    <div class=\"bot-position\">Administrateur<\/div>\n                                    <div class=\"bot-profession\"><\/div>\n                                <\/div>\n                            <\/div>\n                        <\/a>\n\n                    <\/div>\n                    <div class=\"col-lg-3 col-6 bot-grid\">\n                        <a href=\"\/fr\/about\/board-of-trustees\/sunil-prashara\/\">\n                            <div class=\"bot-box\">\n                                <div class=\"bot-image\">\n                                    <img decoding=\"async\" src=\"https:\/\/www.cifor-icraf.org\/wp-content\/uploads\/2025\/06\/Sunil_Prashara.jpg\" width=\"200\">\n                                <\/div>\n                                <div class=\"clearfix\"><\/div>\n                                <div class=\"bot-text\">\n                                    <div class=\"bot-name\">Sunil Prashara<\/div>\n                                    <div class=\"bot-position\">Administrateur<\/div>\n                                    <div class=\"bot-profession\"><\/div>\n                                <\/div>\n                            <\/div>\n                        <\/a>\n\n                    <\/div>\n                    <div class=\"col-lg-3 col-6 bot-grid\">\n                        <a href=\"\/fr\/about\/board-of-trustees\/ephantus-kimotho\/\">\n                            <div class=\"bot-box\">\n                                <div class=\"bot-image\">\n                                    <img decoding=\"async\" src=\"https:\/\/www.cifor-icraf.org\/wp-content\/uploads\/2023\/06\/Ephantus_Kimotho_new.jpg\" width=\"200\">\n                                <\/div>\n                                <div class=\"clearfix\"><\/div>\n                                <div class=\"bot-text\">\n                                    <div class=\"bot-name\">Ephantus Kimotho<\/div>\n                                    <div class=\"bot-position\">Administrateur de plein droit, repr\u00e9sentant du gouvernement du Kenya<\/div>\n                                    <div class=\"bot-profession\"><\/div>\n                                <\/div>\n                            <\/div>\n                        <\/a>\n\n                    <\/div>\n                    <div class=\"col-lg-3 col-6 bot-grid\">\n                        <a href=\"\/fr\/about\/board-of-trustees\/anugerah-widiyanto\/\">\n                            <div class=\"bot-box\">\n                                <div class=\"bot-image\">\n                                    <img decoding=\"async\" src=\"https:\/\/www.cifor-icraf.org\/wp-content\/uploads\/2025\/06\/Anugerah_Widiyanto_2.png\" width=\"200\">\n                                <\/div>\n                                <div class=\"clearfix\"><\/div>\n                                <div class=\"bot-text\">\n                                    <div class=\"bot-name\">Anugerah Widiyanto<\/div>\n                                    <div class=\"bot-position\">Administrateur de plein droit, repr\u00e9sentant du gouvernement de l\u2019Indon\u00e9sie<\/div>\n                                    <div class=\"bot-profession\"><\/div>\n                                <\/div>\n                            <\/div>\n                        <\/a>\n\n                    <\/div>\n                    <div class=\"col-lg-3 col-6 bot-grid\">\n                        <a href=\"\/fr\/about\/board-of-trustees\/eliane-ubalijoro\/\">\n                            <div class=\"bot-box\">\n                                <div class=\"bot-image\">\n                                    <img decoding=\"async\" src=\"https:\/\/www.cifor-icraf.org\/wp-content\/uploads\/2025\/06\/Eliane-Ubalijoro_n.png\" width=\"200\">\n                                <\/div>\n                                <div class=\"clearfix\"><\/div>\n                                <div class=\"bot-text\">\n                                    <div class=\"bot-name\">\u00c9liane Ubalijoro<\/div>\n                                    <div class=\"bot-position\">Administratrice, ICRAF<br>Directrice G\u00e9n\u00e9rale, CIFOR-ICRAF<br>Directrice G\u00e9n\u00e9rale, ICRAF<\/div>\n                                    <div class=\"bot-profession\"><\/div>\n                                <\/div>\n                            <\/div>\n                        <\/a>\n\n                    <\/div>\n                    <div class=\"col-lg-3 col-6 bot-grid\">\n                        <a href=\"\/fr\/about\/board-of-trustees\/robert-nasi\/\">\n                            <div class=\"bot-box\">\n                                <div class=\"bot-image\">\n                                    <img decoding=\"async\" src=\"https:\/\/www.cifor-icraf.org\/wp-content\/uploads\/2025\/06\/Robert_Nasi_n.png\" width=\"200\">\n                                <\/div>\n                                <div class=\"clearfix\"><\/div>\n                                <div class=\"bot-text\">\n                                    <div class=\"bot-name\">Robert Nasi<\/div>\n                                    <div class=\"bot-position\">Administrateur, CIFOR <br>Directeur Scientifique, CIFOR-ICRAF<br>Directeur g\u00e9n\u00e9ral, CIFOR<\/div>\n                                    <div class=\"bot-profession\"><\/div>\n                                <\/div>\n                            <\/div>\n                        <\/a>\n\n                    <\/div><div class=\"col-3\">\n                            <\/div><div class=\"col-3\">\n                            <\/div><\/div>\n    <\/div>\n        <\/div>\n","protected":false},"excerpt":{"rendered":"<p>Le Conseil d\u2019administration du CIFOR-ICRAF pilote le d\u00e9veloppement et la mise en \u0153uvre des questions, politiques, processus et syst\u00e8mes de gouvernance. Le Conseil d\u2019administration est compos\u00e9 de membres poss\u00e9dant des comp\u00e9tences vari\u00e9es dans des domaines tels que la science foresti\u00e8re et agroforesti\u00e8re, la gestion des ressources naturelles, l\u2019audit, les finances et la gestion des risques, [&hellip;]<\/p>\n","protected":false},"author":1,"featured_media":33852,"parent":29831,"menu_order":0,"comment_status":"closed","ping_status":"closed","template":"templates\/template-page-bot.php","meta":{"inline_featured_image":false,"footnotes":"","_links_to":"","_links_to_target":""},"class_list":["post-31055","page","type-page","status-publish","has-post-thumbnail","hentry"],"yoast_head":"<!-- This site is optimized with the Yoast SEO plugin v27.0 - https:\/\/yoast.com\/product\/yoast-seo-wordpress\/ -->\n<title>Conseil d&#039;administration | CIFOR-ICRAF<\/title>\n<meta name=\"description\" content=\"Le Conseil d\u2019administration du CIFOR-ICRAF pilote le d\u00e9veloppement et la mise en \u0153uvre des questions, politiques, processus et syst\u00e8mes de gouvernance. Le...\" \/>\n<meta name=\"robots\" content=\"index, follow, max-snippet:-1, max-image-preview:large, max-video-preview:-1\" \/>\n<link rel=\"canonical\" href=\"https:\/\/www.cifor-icraf.org\/fr\/a-propos-de-nous\/conseil-dadministration\/\" \/>\n<meta property=\"og:locale\" content=\"fr_FR\" \/>\n<meta property=\"og:type\" content=\"article\" \/>\n<meta property=\"og:title\" content=\"Conseil d&#039;administration | CIFOR-ICRAF\" \/>\n<meta property=\"og:description\" content=\"The Center for International Forestry Research and World Agroforestry (CIFOR-ICRAF) harnesses the power of trees, forests and agroforestry landscapes to address the most pressing global challenges of our time \u2013 biodiversity loss, climate change, food security, livelihoods and inequity. CIFOR and ICRAF are CGIAR Research Centers.\" \/>\n<meta property=\"og:url\" content=\"https:\/\/www.cifor-icraf.org\/fr\/a-propos-de-nous\/conseil-dadministration\/\" \/>\n<meta property=\"og:site_name\" content=\"CIFOR-ICRAF\" \/>\n<meta property=\"article:modified_time\" content=\"2025-09-15T07:24:22+00:00\" \/>\n<meta property=\"og:image\" content=\"https:\/\/www.cifor-icraf.org\/wp-content\/uploads\/2023\/01\/joel-vodell-BSlEq_yMQIE-unsplash-feat.jpg\" \/>\n\t<meta property=\"og:image:width\" content=\"1200\" \/>\n\t<meta property=\"og:image:height\" content=\"630\" \/>\n\t<meta property=\"og:image:type\" content=\"image\/jpeg\" \/>\n<meta name=\"twitter:card\" content=\"summary_large_image\" \/>\n<meta name=\"twitter:label1\" content=\"Dur\u00e9e de lecture estim\u00e9e\" \/>\n\t<meta name=\"twitter:data1\" content=\"1 minute\" \/>\n<script type=\"application\/ld+json\" class=\"yoast-schema-graph\">{\"@context\":\"https:\/\/schema.org\",\"@graph\":[{\"@type\":\"WebPage\",\"@id\":\"https:\/\/www.cifor-icraf.org\/fr\/a-propos-de-nous\/conseil-dadministration\/\",\"url\":\"https:\/\/www.cifor-icraf.org\/fr\/a-propos-de-nous\/conseil-dadministration\/\",\"name\":\"Conseil d'administration | CIFOR-ICRAF\",\"isPartOf\":{\"@id\":\"https:\/\/www.cifor-icraf.org\/#website\"},\"primaryImageOfPage\":{\"@id\":\"https:\/\/www.cifor-icraf.org\/fr\/a-propos-de-nous\/conseil-dadministration\/#primaryimage\"},\"image\":{\"@id\":\"https:\/\/www.cifor-icraf.org\/fr\/a-propos-de-nous\/conseil-dadministration\/#primaryimage\"},\"thumbnailUrl\":\"https:\/\/www.cifor-icraf.org\/wp-content\/uploads\/2023\/01\/joel-vodell-BSlEq_yMQIE-unsplash-feat.jpg\",\"datePublished\":\"2023-01-11T01:05:29+00:00\",\"dateModified\":\"2025-09-15T07:24:22+00:00\",\"description\":\"The Center for International Forestry Research and World Agroforestry (CIFOR-ICRAF) harnesses the power of trees, forests and agroforestry landscapes to address the most pressing global challenges of our time \u2013 biodiversity loss, climate change, food security, livelihoods and inequity. CIFOR and ICRAF are CGIAR Research Centers.\",\"breadcrumb\":{\"@id\":\"https:\/\/www.cifor-icraf.org\/fr\/a-propos-de-nous\/conseil-dadministration\/#breadcrumb\"},\"inLanguage\":\"fr-FR\",\"potentialAction\":[{\"@type\":\"ReadAction\",\"target\":[\"https:\/\/www.cifor-icraf.org\/fr\/a-propos-de-nous\/conseil-dadministration\/\"]}]},{\"@type\":\"ImageObject\",\"inLanguage\":\"fr-FR\",\"@id\":\"https:\/\/www.cifor-icraf.org\/fr\/a-propos-de-nous\/conseil-dadministration\/#primaryimage\",\"url\":\"https:\/\/www.cifor-icraf.org\/wp-content\/uploads\/2023\/01\/joel-vodell-BSlEq_yMQIE-unsplash-feat.jpg\",\"contentUrl\":\"https:\/\/www.cifor-icraf.org\/wp-content\/uploads\/2023\/01\/joel-vodell-BSlEq_yMQIE-unsplash-feat.jpg\",\"width\":1200,\"height\":630},{\"@type\":\"BreadcrumbList\",\"@id\":\"https:\/\/www.cifor-icraf.org\/fr\/a-propos-de-nous\/conseil-dadministration\/#breadcrumb\",\"itemListElement\":[{\"@type\":\"ListItem\",\"position\":1,\"name\":\"A propos de nous\",\"item\":\"https:\/\/www.cifor-icraf.org\/fr\/a-propos-de-nous\/\"},{\"@type\":\"ListItem\",\"position\":2,\"name\":\"Conseil d&#8217;administration\"}]},{\"@type\":\"WebSite\",\"@id\":\"https:\/\/www.cifor-icraf.org\/#website\",\"url\":\"https:\/\/www.cifor-icraf.org\/\",\"name\":\"CIFOR-ICRAF\",\"description\":\"Making landscapes more resilient for people and the planet\",\"publisher\":{\"@id\":\"https:\/\/www.cifor-icraf.org\/#organization\"},\"potentialAction\":[{\"@type\":\"SearchAction\",\"target\":{\"@type\":\"EntryPoint\",\"urlTemplate\":\"https:\/\/www.cifor-icraf.org\/?s={search_term_string}\"},\"query-input\":{\"@type\":\"PropertyValueSpecification\",\"valueRequired\":true,\"valueName\":\"search_term_string\"}}],\"inLanguage\":\"fr-FR\"},{\"@type\":\"Organization\",\"@id\":\"https:\/\/www.cifor-icraf.org\/#organization\",\"name\":\"CIFOR-ICRAF\",\"url\":\"https:\/\/www.cifor-icraf.org\/\",\"logo\":{\"@type\":\"ImageObject\",\"inLanguage\":\"fr-FR\",\"@id\":\"https:\/\/www.cifor-icraf.org\/#\/schema\/logo\/image\/\",\"url\":\"https:\/\/www.cifor-icraf.org\/wp-content\/uploads\/2021\/08\/cifor-icraf-logo.png\",\"contentUrl\":\"https:\/\/www.cifor-icraf.org\/wp-content\/uploads\/2021\/08\/cifor-icraf-logo.png\",\"width\":596,\"height\":250,\"caption\":\"CIFOR-ICRAF\"},\"image\":{\"@id\":\"https:\/\/www.cifor-icraf.org\/#\/schema\/logo\/image\/\"}}]}<\/script>\n<!-- \/ Yoast SEO plugin. -->","yoast_head_json":{"title":"Conseil d'administration | CIFOR-ICRAF","description":"Le Conseil d\u2019administration du CIFOR-ICRAF pilote le d\u00e9veloppement et la mise en \u0153uvre des questions, politiques, processus et syst\u00e8mes de gouvernance. Le...","robots":{"index":"index","follow":"follow","max-snippet":"max-snippet:-1","max-image-preview":"max-image-preview:large","max-video-preview":"max-video-preview:-1"},"canonical":"https:\/\/www.cifor-icraf.org\/fr\/a-propos-de-nous\/conseil-dadministration\/","og_locale":"fr_FR","og_type":"article","og_title":"Conseil d'administration | CIFOR-ICRAF","og_description":"The Center for International Forestry Research and World Agroforestry (CIFOR-ICRAF) harnesses the power of trees, forests and agroforestry landscapes to address the most pressing global challenges of our time \u2013 biodiversity loss, climate change, food security, livelihoods and inequity. CIFOR and ICRAF are CGIAR Research Centers.","og_url":"https:\/\/www.cifor-icraf.org\/fr\/a-propos-de-nous\/conseil-dadministration\/","og_site_name":"CIFOR-ICRAF","article_modified_time":"2025-09-15T07:24:22+00:00","og_image":[{"width":1200,"height":630,"url":"https:\/\/www.cifor-icraf.org\/wp-content\/uploads\/2023\/01\/joel-vodell-BSlEq_yMQIE-unsplash-feat.jpg","type":"image\/jpeg"}],"twitter_card":"summary_large_image","twitter_misc":{"Dur\u00e9e de lecture estim\u00e9e":"1 minute"},"schema":{"@context":"https:\/\/schema.org","@graph":[{"@type":"WebPage","@id":"https:\/\/www.cifor-icraf.org\/fr\/a-propos-de-nous\/conseil-dadministration\/","url":"https:\/\/www.cifor-icraf.org\/fr\/a-propos-de-nous\/conseil-dadministration\/","name":"Conseil d'administration | CIFOR-ICRAF","isPartOf":{"@id":"https:\/\/www.cifor-icraf.org\/#website"},"primaryImageOfPage":{"@id":"https:\/\/www.cifor-icraf.org\/fr\/a-propos-de-nous\/conseil-dadministration\/#primaryimage"},"image":{"@id":"https:\/\/www.cifor-icraf.org\/fr\/a-propos-de-nous\/conseil-dadministration\/#primaryimage"},"thumbnailUrl":"https:\/\/www.cifor-icraf.org\/wp-content\/uploads\/2023\/01\/joel-vodell-BSlEq_yMQIE-unsplash-feat.jpg","datePublished":"2023-01-11T01:05:29+00:00","dateModified":"2025-09-15T07:24:22+00:00","description":"The Center for International Forestry Research and World Agroforestry (CIFOR-ICRAF) harnesses the power of trees, forests and agroforestry landscapes to address the most pressing global challenges of our time \u2013 biodiversity loss, climate change, food security, livelihoods and inequity. CIFOR and ICRAF are CGIAR Research Centers.","breadcrumb":{"@id":"https:\/\/www.cifor-icraf.org\/fr\/a-propos-de-nous\/conseil-dadministration\/#breadcrumb"},"inLanguage":"fr-FR","potentialAction":[{"@type":"ReadAction","target":["https:\/\/www.cifor-icraf.org\/fr\/a-propos-de-nous\/conseil-dadministration\/"]}]},{"@type":"ImageObject","inLanguage":"fr-FR","@id":"https:\/\/www.cifor-icraf.org\/fr\/a-propos-de-nous\/conseil-dadministration\/#primaryimage","url":"https:\/\/www.cifor-icraf.org\/wp-content\/uploads\/2023\/01\/joel-vodell-BSlEq_yMQIE-unsplash-feat.jpg","contentUrl":"https:\/\/www.cifor-icraf.org\/wp-content\/uploads\/2023\/01\/joel-vodell-BSlEq_yMQIE-unsplash-feat.jpg","width":1200,"height":630},{"@type":"BreadcrumbList","@id":"https:\/\/www.cifor-icraf.org\/fr\/a-propos-de-nous\/conseil-dadministration\/#breadcrumb","itemListElement":[{"@type":"ListItem","position":1,"name":"A propos de nous","item":"https:\/\/www.cifor-icraf.org\/fr\/a-propos-de-nous\/"},{"@type":"ListItem","position":2,"name":"Conseil d&#8217;administration"}]},{"@type":"WebSite","@id":"https:\/\/www.cifor-icraf.org\/#website","url":"https:\/\/www.cifor-icraf.org\/","name":"CIFOR-ICRAF","description":"Making landscapes more resilient for people and the planet","publisher":{"@id":"https:\/\/www.cifor-icraf.org\/#organization"},"potentialAction":[{"@type":"SearchAction","target":{"@type":"EntryPoint","urlTemplate":"https:\/\/www.cifor-icraf.org\/?s={search_term_string}"},"query-input":{"@type":"PropertyValueSpecification","valueRequired":true,"valueName":"search_term_string"}}],"inLanguage":"fr-FR"},{"@type":"Organization","@id":"https:\/\/www.cifor-icraf.org\/#organization","name":"CIFOR-ICRAF","url":"https:\/\/www.cifor-icraf.org\/","logo":{"@type":"ImageObject","inLanguage":"fr-FR","@id":"https:\/\/www.cifor-icraf.org\/#\/schema\/logo\/image\/","url":"https:\/\/www.cifor-icraf.org\/wp-content\/uploads\/2021\/08\/cifor-icraf-logo.png","contentUrl":"https:\/\/www.cifor-icraf.org\/wp-content\/uploads\/2021\/08\/cifor-icraf-logo.png","width":596,"height":250,"caption":"CIFOR-ICRAF"},"image":{"@id":"https:\/\/www.cifor-icraf.org\/#\/schema\/logo\/image\/"}}]}},"jetpack_sharing_enabled":true,"_links":{"self":[{"href":"https:\/\/www.cifor-icraf.org\/fr\/wp-json\/wp\/v2\/pages\/31055","targetHints":{"allow":["GET"]}}],"collection":[{"href":"https:\/\/www.cifor-icraf.org\/fr\/wp-json\/wp\/v2\/pages"}],"about":[{"href":"https:\/\/www.cifor-icraf.org\/fr\/wp-json\/wp\/v2\/types\/page"}],"author":[{"embeddable":true,"href":"https:\/\/www.cifor-icraf.org\/fr\/wp-json\/wp\/v2\/users\/1"}],"replies":[{"embeddable":true,"href":"https:\/\/www.cifor-icraf.org\/fr\/wp-json\/wp\/v2\/comments?post=31055"}],"version-history":[{"count":7,"href":"https:\/\/www.cifor-icraf.org\/fr\/wp-json\/wp\/v2\/pages\/31055\/revisions"}],"predecessor-version":[{"id":91252,"href":"https:\/\/www.cifor-icraf.org\/fr\/wp-json\/wp\/v2\/pages\/31055\/revisions\/91252"}],"up":[{"embeddable":true,"href":"https:\/\/www.cifor-icraf.org\/fr\/wp-json\/wp\/v2\/pages\/29831"}],"wp:featuredmedia":[{"embeddable":true,"href":"https:\/\/www.cifor-icraf.org\/fr\/wp-json\/wp\/v2\/media\/33852"}],"wp:attachment":[{"href":"https:\/\/www.cifor-icraf.org\/fr\/wp-json\/wp\/v2\/media?parent=31055"}],"curies":[{"name":"wp","href":"https:\/\/api.w.org\/{rel}","templated":true}]}}