{"id":761,"date":"2021-01-12T08:14:38","date_gmt":"2021-01-12T08:14:38","guid":{"rendered":"https:\/\/www.cifor-icraf.org\/gcsnew\/?page_id=761"},"modified":"2024-09-13T05:59:45","modified_gmt":"2024-09-13T05:59:45","slug":"multi-stakeholder-forums","status":"publish","type":"page","link":"https:\/\/www.cifor-icraf.org\/gcs\/research-themes\/multilevel-governance\/multi-stakeholder-forums\/","title":{"rendered":"Multi-stakeholder forums"},"content":{"rendered":"\n<p>Multi-stakeholder forums (MSFs) are purposely organized interactive processes. They bring together a range of stakeholders to participate in dialogue, decision making and\/or implementation, with the aim to address a common problem or achieve a common goal. In the context of REDD+ and other landscape-level efforts, such forums are essential.<\/p>\n\n\n\n<p>MSFs are a more sustainable and democratic approach to decision making that can help to achieve common landscape goals. Such forums are thought to help reach participatory agreements with outcomes that are more equitable and effective than those reached through \u2018business as usual\u2019 approaches, which may be top-down, uni-sectoral or expert driven.<\/p>\n\n\n\n<p>Despite the optimism, MSFs have been criticized. They may trivialize participation, limit opportunities for meaningful debate, fail to tackle power differences and lead to outcomes that reinforce inequality.<\/p>\n\n\n\n<p>CIFOR researchers have been examining and engaging stakeholders to expand the transformative potential of MSFs in landscape governance since 2017 through literature reviews and comparative study of 13 MSFs organized at the subnational level in Brazil, Ethiopia, Indonesia and Peru. Based on that work, researchers also developed a toolkit of participatory, reflexive learning tools for MSF participants.<\/p>\n\n\n\n<p>In learning from the past, considering progress and obstacles to further progress, and collectively planning how to achieve MSF goals in the future, CIFOR\u2019s work is contributing to more resilient and equitable landscapes that benefit those that live and work in them.<\/p>\n\n\n\n<p>Case study results:<\/p>\n\n\n\n<ul class=\"wp-block-list\"><li><strong>Brazil:<\/strong>&nbsp;Acre (<a href=\"https:\/\/www.cifor.org\/knowledge\/publication\/7450\">English<\/a>&nbsp;\/&nbsp;<a href=\"https:\/\/www.cifor.org\/knowledge\/publication\/7629\">Portuguese<\/a>); Mato Grosso (<a href=\"https:\/\/www.cifor.org\/knowledge\/publication\/7494\">English<\/a>&nbsp;\/&nbsp;<a href=\"https:\/\/www.cifor.org\/knowledge\/publication\/7630\">Portuguese<\/a>); Par\u00e1 (<a href=\"https:\/\/www.cifor.org\/knowledge\/publication\/7458\">English<\/a>&nbsp;\/&nbsp;<a href=\"https:\/\/www.cifor.org\/knowledge\/publication\/7609\">Portuguese<\/a>)<\/li><li><strong>Ethiopia:<\/strong>&nbsp;Oromia (Bale \u2013&nbsp;<a href=\"https:\/\/www.cifor.org\/knowledge\/publication\/7420\">English<\/a>&nbsp;\/ Jamma-Urji \u2013&nbsp;<a href=\"https:\/\/www.cifor.org\/knowledge\/publication\/7419\/\">English<\/a>)<\/li><li><strong>Indonesia:<\/strong>&nbsp;Central Kalimantan (<a href=\"https:\/\/www.cifor.org\/knowledge\/publication\/7449\">English<\/a>&nbsp;\/&nbsp;<a href=\"https:\/\/www.cifor.org\/knowledge\/publication\/7574\">Indonesian<\/a>); East Kalimantan (<a href=\"https:\/\/www.cifor.org\/knowledge\/publication\/7434\">English<\/a>&nbsp;\/&nbsp;<a href=\"https:\/\/www.cifor.org\/knowledge\/publication\/7558\">Indonesian<\/a>); Jambi (<a href=\"https:\/\/www.cifor.org\/knowledge\/publication\/7453\">English<\/a>&nbsp;\/&nbsp;<a href=\"https:\/\/www.cifor.org\/knowledge\/publication\/7569\">Indonesian<\/a>); West Java (<a href=\"https:\/\/www.cifor.org\/knowledge\/publication\/7452\">English<\/a>&nbsp;\/&nbsp;<a href=\"https:\/\/www.cifor.org\/knowledge\/publication\/7571\">Indonesian<\/a>)<\/li><li><strong>Peru:<\/strong>&nbsp;Loreto (<a href=\"https:\/\/www.cifor.org\/knowledge\/publication\/7437\">English<\/a>&nbsp;\/&nbsp;<a href=\"https:\/\/www.cifor.org\/knowledge\/publication\/7438\">Spanish<\/a>); Madre de Dios (<a href=\"https:\/\/www.cifor.org\/knowledge\/publication\/7400\/\">English<\/a>&nbsp;\/&nbsp;<a href=\"https:\/\/www.cifor.org\/knowledge\/publication\/7396\/\">Spanish<\/a>); San Mart\u00edn (<a href=\"https:\/\/www.cifor.org\/knowledge\/publication\/7401\">English<\/a>&nbsp;\/&nbsp;<a href=\"https:\/\/www.cifor.org\/knowledge\/publication\/7397\">Spanish<\/a>); Ucayali (<a href=\"https:\/\/www.cifor.org\/knowledge\/publication\/7435\">English<\/a>&nbsp;\/&nbsp;<a href=\"https:\/\/www.cifor.org\/knowledge\/publication\/7436\">Spanish<\/a>)<\/li><\/ul>\n\n\n                            <div id=\"\" class=\"m-margin-top-50 m-section m-margin-bottom-50\">\n                                \n                                    <div class=\"row middle-md m-margin-bottom-20\"><div class=\"col-md-8 col-xs-8\">\n                                                    <h2 class=\"h-dace m-weight-700 has-icon m-margin-bottom-0\">\n                                                        <span><h2 class=\"wpe-section-title moo-m-b-0\">Toolbox<\/h2><\/span>\n                                                    <\/h2>\n                                                <\/div>\n                                                <div class=\"col-md-4 col-xs-4\">\n                                                    <div class=\"text-right\">\n                                                        <a class=\"h-dace-link link-has-border-dark m-weight-700 text--sm\" href=\"https:\/\/www.cifor.org\">Read more<\/a>\n                                                    <\/div>\n                                                <\/div>\n                                    <\/div>                                <div\n                                    class=\"columns-12 m-margin-bottom-30 m-margin-top-20 \">\n                                                                        <div class=\"col-6 col-item m-margin-xs-bottom-30\">\n                                        <div class=\"content-item\">\n                                                                                        <a href=\"https:\/\/www.cifor.org\/toolboxes\/tools-for-managing-landscapes-inclusively\/\" class=\"blog-bg img-ph\"\n                                                style=\"background-image:url(https:\/\/www.cifor-icraf.org\/gcs\/wp-content\/uploads\/sites\/5\/2022\/04\/msf-toolbox-thumb.jpg);\"\n                                                title=\"Tools for managing landscapes, inclusively\">\n                                            <\/a>\n\n                                            \n                                            <div class=\"content-text\">\n\t\t\t\t\t\t\t\t\t\t\t\t\t\t\t\t\t\t\t\t\t\t\t\t\t<div class=\"m-uppercase m-weight-600 text--sm m-margin-bottom-10 m-margin-top-10\">Toolbox<\/div>\n\t\t\t\t\t\t\t\t\t\t\t\t                                                <h4 class=\"m-weight-700\">\n                                                                                                        <a href=\"https:\/\/www.cifor.org\/toolboxes\/tools-for-managing-landscapes-inclusively\/\" class=\"m-link-dark\"\n                                                        title=\"Tools for managing landscapes, inclusively\">\n                                                        Tools for managing landscapes, inclusively                                                    <\/a>\n                                                                                                    <\/h4>\n                                                                                            <\/div>\n                                            <div class=\"text--sm\">\n                                                <!--24 January 2019-->\n                                            <\/div>\n                                        <\/div>\n                                    <\/div>\n                                                                    <\/div>\n                            <\/div>\n                            \n\n    <style>\n        .aside-left-1 li:first-child{\ndisplay:none;\n}    <\/style>\n    <div id=\"\" class=\" m-section m-margin-bottom-30 items-grid\">\n                <div class=\"row m-margin-bottom-10\">\n            <div class=\"col-md-6 col-xs-6\">\n                <h2 class=\"wpe-section-title moo-m-b-0\">Publication<\/h2>\n            <\/div>\n\n            <div class=\"col-md-6 col-xs-6\">\n            <\/div>\n        <\/div>\n\n\n        <div class=\"dace-list row m-margin-bottom-50\"><div class=\"col-xs-12\"><div class=\"row\"><div class=\"col-md-4 col-xs-12 col-sm-6 moo-m-b-20 parent_eh\">\n                        <div class=\"post-box _grid w-100 publication h-100\">\n                            <a href=\"https:\/\/www.cifor-icraf.org\/knowledge\/publication\/9097\/\" class=\"m-margin-bottom-15 gtm-knowledge-list-publication-thumbnail\" title=\"Bagaimana: Merancang dengan melibatkan masyarakat adat dan masyarakat lokal\">\n                                <div class=\"post-box_thumbnail \">\n                                    <img decoding=\"async\" src=\"https:\/\/www.cifor.org\/uploads\/webservice\/9097.jpg\" class=\"img-responsive img-publication\">\n                                <\/div>\n                                <div class=\"post-box_content\">\n                                    <div class=\"post-box_group\">\n                                        <div class=\"content-label\">Publication<\/div>\n                                            <div class=\"content-date mb-2\">2024<\/div>\n                                            <h2 class=\"content-title\">Bagaimana: Merancang dengan melibatkan masyarakat adat dan masyarakat lokal<\/h2>\n                                        <\/div>\n                                    <\/div>\n                            <\/a>\n                        <\/div>\n                    <\/div><div class=\"col-md-4 col-xs-12 col-sm-6 moo-m-b-20 parent_eh\">\n                        <div class=\"post-box _grid w-100 publication h-100\">\n                            <a href=\"https:\/\/www.cifor-icraf.org\/knowledge\/publication\/9096\/\" class=\"m-margin-bottom-15 gtm-knowledge-list-publication-thumbnail\" title=\"Bagaimana: Rancangan melibatkan perempuan\">\n                                <div class=\"post-box_thumbnail \">\n                                    <img decoding=\"async\" src=\"https:\/\/www.cifor.org\/uploads\/webservice\/9096.jpg\" class=\"img-responsive img-publication\">\n                                <\/div>\n                                <div class=\"post-box_content\">\n                                    <div class=\"post-box_group\">\n                                        <div class=\"content-label\">Publication<\/div>\n                                            <div class=\"content-date mb-2\">2024<\/div>\n                                            <h2 class=\"content-title\">Bagaimana: Rancangan melibatkan perempuan<\/h2>\n                                        <\/div>\n                                    <\/div>\n                            <\/a>\n                        <\/div>\n                    <\/div><div class=\"col-md-4 col-xs-12 col-sm-6 moo-m-b-20 parent_eh\">\n                        <div class=\"post-box _grid w-100 publication h-100\">\n                            <a href=\"https:\/\/www.cifor-icraf.org\/knowledge\/publication\/9095\/\" class=\"m-margin-bottom-15 gtm-knowledge-list-publication-thumbnail\" title=\"Bagaimana: Memperluas pengaruh MSP sepanjang waktu. Mendukung pembelajaran adaptif untuk meningkatkan efektivitas dan jangkauan\">\n                                <div class=\"post-box_thumbnail \">\n                                    <img decoding=\"async\" src=\"https:\/\/www.cifor.org\/uploads\/webservice\/9095.jpg\" class=\"img-responsive img-publication\">\n                                <\/div>\n                                <div class=\"post-box_content\">\n                                    <div class=\"post-box_group\">\n                                        <div class=\"content-label\">Publication<\/div>\n                                            <div class=\"content-date mb-2\">2024<\/div>\n                                            <h2 class=\"content-title\">Bagaimana: Memperluas pengaruh MSP sepanjang waktu. Mendukung pembelajaran adaptif untuk meningkatkan efektivitas dan jangkauan<\/h2>\n                                        <\/div>\n                                    <\/div>\n                            <\/a>\n                        <\/div>\n                    <\/div>    <\/div>\n    <div class=\"row\">\n        <div class=\"col-xs-12\">\n                                <div class=\"text-right\">\n                        <a href=\"\/gcs\/knowledge\/search\/?key=&amp;author=&amp;dmodule%5B%5D=GCS+Module+4B%3A+Multilevel+Governance&amp;dsubmodule%5B%5D=Multi-stakeholder+forums&amp;dtype%5B%5D=Publication&amp;display=15&amp;sort=-date&amp;layout=grid\" class=\"btn btn-default btn-dark btn-lg btn-outline gtm-home-video-button-all\">\n                            <span class=\"hide-xs-only\">Browse all<\/span> <i class=\"fas fa-arrow-right\"><\/i>\n                        <\/a>\n                    <\/div>\n                    <\/div>\n    <\/div>\n    <\/div>\n    <\/div>\n\n    <\/div>\n\n\n    <style>\n            <\/style>\n    <div id=\"\" class=\" m-section m-margin-bottom-30 items-grid\">\n                <div class=\"row m-margin-bottom-10\">\n            <div class=\"col-md-6 col-xs-6\">\n                <h2 class=\"wpe-section-title moo-m-b-0\">Forests news<\/h2>\n            <\/div>\n\n            <div class=\"col-md-6 col-xs-6\">\n            <\/div>\n        <\/div>\n\n\n        <div class=\"dace-list row m-margin-bottom-50\"><div class=\"col-xs-12\"><div class=\"row\"><div class=\"col-md-4 col-xs-12 col-sm-6 moo-m-b-20 parent_eh\">\n                        <div class=\"post-box _grid w-100 h-100\">\n                            <a href=\"https:\/\/www.cifor-icraf.org\/knowledge\/forests-news\/82459\/\">\n                                <div class=\"post-box_thumbnail \">\n                                    <img decoding=\"async\" class=\"img-responsive\" src=\"https:\/\/i0.wp.com\/forestsnews.cifor.org\/wp-content\/uploads\/2023\/04\/Perou.jpg?resize=300%2C200&#038;ssl=1\" \/>\n                                <\/div>\n                            <\/a>\n                            <div class=\"post-box_content\">\n                                <div class=\"post-box_group\">\n                                    <div class=\"content-label\">Forests News<\/div>\n                                    <h2 class=\"content-title\">Zoom sur les forums multipartites et la fa\u00e7on dont ils fa\u00e7onnent la gouvernance foresti\u00e8re<\/h2>\n                                <\/div>\n                                <div class=\"content-date\">18 April 2023<\/div>\n                            <\/div>\n                        <\/div>\n                    <\/div><div class=\"col-md-4 col-xs-12 col-sm-6 moo-m-b-20 parent_eh\">\n                        <div class=\"post-box _grid w-100 h-100\">\n                            <a href=\"https:\/\/www.cifor-icraf.org\/knowledge\/forests-news\/79675\/\">\n                                <div class=\"post-box_thumbnail \">\n                                    <img decoding=\"async\" class=\"img-responsive\" src=\"https:\/\/i0.wp.com\/forestsnews.cifor.org\/wp-content\/uploads\/2022\/11\/44352615774_b23b62e9dd_k-e1667378146782.jpg?resize=300%2C200&#038;ssl=1\" \/>\n                                <\/div>\n                            <\/a>\n                            <div class=\"post-box_content\">\n                                <div class=\"post-box_group\">\n                                    <div class=\"content-label\">Forests News<\/div>\n                                    <h2 class=\"content-title\">Dampak Inisiatif Pengelolaan Bersama Multipemangku Kepentingan di Amazon Peruvian<\/h2>\n                                <\/div>\n                                <div class=\"content-date\">02 November 2022<\/div>\n                            <\/div>\n                        <\/div>\n                    <\/div><div class=\"col-md-4 col-xs-12 col-sm-6 moo-m-b-20 parent_eh\">\n                        <div class=\"post-box _grid w-100 h-100\">\n                            <a href=\"https:\/\/www.cifor-icraf.org\/knowledge\/forests-news\/74295\/\">\n                                <div class=\"post-box_thumbnail \">\n                                    <img decoding=\"async\" class=\"img-responsive\" src=\"https:\/\/i0.wp.com\/forestsnews.cifor.org\/wp-content\/uploads\/2021\/08\/50436117257_441ea0292d_c.jpg?resize=300%2C200&#038;ssl=1\" \/>\n                                <\/div>\n                            <\/a>\n                            <div class=\"post-box_content\">\n                                <div class=\"post-box_group\">\n                                    <div class=\"content-label\">Forests News<\/div>\n                                    <h2 class=\"content-title\">Dissecting multi-stakeholder forums and how they shape forest governance<\/h2>\n                                <\/div>\n                                <div class=\"content-date\">24 August 2021<\/div>\n                            <\/div>\n                        <\/div>\n                    <\/div>    <\/div>\n    <div class=\"row\">\n        <div class=\"col-xs-12\">\n                                <div class=\"text-right\">\n                        <a href=\"\/gcs\/knowledge\/search\/?key=&amp;authors=&amp;dmodule%5B%5D=Multilevel+Governance&amp;dsubmodule%5B%5D=Multi-stakeholder+forums&amp;dtype%5B%5D=Blog&amp;display=15&amp;sort=-date&amp;layout=grid\" class=\"btn btn-default btn-dark btn-lg btn-outline gtm-home-video-button-all\">\n                            <span class=\"hide-xs-only\">Browse all<\/span> <i class=\"fas fa-arrow-right\"><\/i>\n                        <\/a>\n                    <\/div>\n                    <\/div>\n    <\/div>\n    <\/div>\n    <\/div>\n\n    <\/div>\n\n\n    <style>\n            <\/style>\n    <div id=\"\" class=\" m-section m-margin-bottom-30 items-grid\">\n                <div class=\"row m-margin-bottom-10\">\n            <div class=\"col-md-6 col-xs-6\">\n                <h2 class=\"wpe-section-title moo-m-b-0\">Presentations<\/h2>\n            <\/div>\n\n            <div class=\"col-md-6 col-xs-6\">\n            <\/div>\n        <\/div>\n\n\n        <div class=\"dace-list row m-margin-bottom-50\"><div class=\"col-xs-12\"><div class=\"row\"><div class=\"col-md-4 col-xs-12 col-sm-6 moo-m-b-20 parent_eh\">\n                        <div class=\"post-box _grid w-100 h-100\">\n                            <a href=\"https:\/\/www.cifor-icraf.org\/knowledge\/slide\/16988\/\">\n                                <div class=\"post-box_thumbnail \">\n                                    <img decoding=\"async\" class=\"img-responsive\" src=\"https:\/\/cdn.slidesharecdn.com\/ss_thumbnails\/reddenperuannelarson-201130024817-thumbnail-3.jpg\" \/>\n                                <\/div>\n                                <div class=\"post-box_content\">\n                                    <div class=\"post-box_group\">\n                                        <div class=\"content-label\">Presentation<\/div>\n                                        <h2 class=\"content-title\">Proyecto comparativo global sobre foros multiactor subnacionales en la gesti\u00f3n de paisajes<\/h2>\n                                    <\/div>\n                                    <div class=\"content-date\">30 November 2020<\/div>\n                                <\/div>\n                            <\/a>\n                        <\/div>\n                    <\/div><div class=\"col-md-4 col-xs-12 col-sm-6 moo-m-b-20 parent_eh\">\n                        <div class=\"post-box _grid w-100 h-100\">\n                            <a href=\"https:\/\/www.cifor-icraf.org\/knowledge\/slide\/16987\/\">\n                                <div class=\"post-box_thumbnail \">\n                                    <img decoding=\"async\" class=\"img-responsive\" src=\"https:\/\/cdn.slidesharecdn.com\/ss_thumbnails\/reddenperunicolediegodaniel-201130025653-thumbnail-3.jpg\" \/>\n                                <\/div>\n                                <div class=\"post-box_content\">\n                                    <div class=\"post-box_group\">\n                                        <div class=\"content-label\">Presentation<\/div>\n                                        <h2 class=\"content-title\">Equidad en los foros multiactor: resultados de cuatro foros en Ucayali, Loreto, Madre de Dios y San Mart\u00edn<\/h2>\n                                    <\/div>\n                                    <div class=\"content-date\">30 November 2020<\/div>\n                                <\/div>\n                            <\/a>\n                        <\/div>\n                    <\/div><div class=\"col-md-4 col-xs-12 col-sm-6 moo-m-b-20 parent_eh\">\n                        <div class=\"post-box _grid w-100 h-100\">\n                            <a href=\"https:\/\/www.cifor-icraf.org\/knowledge\/slide\/16986\/\">\n                                <div class=\"post-box_thumbnail \">\n                                    <img decoding=\"async\" class=\"img-responsive\" src=\"https:\/\/cdn.slidesharecdn.com\/ss_thumbnails\/reddenperuharlemmarino-201130030607-thumbnail-3.jpg\" \/>\n                                <\/div>\n                                <div class=\"post-box_content\">\n                                    <div class=\"post-box_group\">\n                                        <div class=\"content-label\">Presentation<\/div>\n                                        <h2 class=\"content-title\">\u00bfC\u00f3mo vamos? Una herramienta para reflexionar sobre la participaci\u00f3n de las mujeres ind\u00edgenas u originarias en la gesti\u00f3n y gobernanza de sus territorios<\/h2>\n                                    <\/div>\n                                    <div class=\"content-date\">30 November 2020<\/div>\n                                <\/div>\n                            <\/a>\n                        <\/div>\n                    <\/div>    <\/div>\n    <div class=\"row\">\n        <div class=\"col-xs-12\">\n                                <div class=\"text-right\">\n                        <a href=\"\/gcs\/knowledge\/search\/?key=&amp;authors=&amp;dmodule%5B%5D=Multilevel+Governance&amp;dsubmodule%5B%5D=Multi-stakeholder+forums&amp;dtype%5B%5D=Presentation&amp;display=15&amp;sort=-date&amp;layout=grid\" class=\"btn btn-default btn-dark btn-lg btn-outline gtm-home-video-button-all\">\n                            <span class=\"hide-xs-only\">Browse all<\/span> <i class=\"fas fa-arrow-right\"><\/i>\n                        <\/a>\n                    <\/div>\n                    <\/div>\n    <\/div>\n    <\/div>\n    <\/div>\n\n    <\/div>\n","protected":false},"excerpt":{"rendered":"<p>Multi-stakeholder forums (MSFs) are purposely organized interactive processes. They bring together a range of stakeholders to participate in dialogue, decision making and\/or implementation, with the aim to address a common problem or achieve a common goal. In the context of REDD+ and other landscape-level efforts, such forums are essential. MSFs are a more sustainable and [&hellip;]<\/p>\n","protected":false},"author":18,"featured_media":2407,"parent":5340,"menu_order":0,"comment_status":"closed","ping_status":"closed","template":"","meta":{"inline_featured_image":false,"footnotes":"","_links_to":"","_links_to_target":""},"class_list":["post-761","page","type-page","status-publish","has-post-thumbnail","hentry"],"jetpack_sharing_enabled":true,"_links":{"self":[{"href":"https:\/\/www.cifor-icraf.org\/gcs\/wp-json\/wp\/v2\/pages\/761","targetHints":{"allow":["GET"]}}],"collection":[{"href":"https:\/\/www.cifor-icraf.org\/gcs\/wp-json\/wp\/v2\/pages"}],"about":[{"href":"https:\/\/www.cifor-icraf.org\/gcs\/wp-json\/wp\/v2\/types\/page"}],"author":[{"embeddable":true,"href":"https:\/\/www.cifor-icraf.org\/gcs\/wp-json\/wp\/v2\/users\/18"}],"replies":[{"embeddable":true,"href":"https:\/\/www.cifor-icraf.org\/gcs\/wp-json\/wp\/v2\/comments?post=761"}],"version-history":[{"count":19,"href":"https:\/\/www.cifor-icraf.org\/gcs\/wp-json\/wp\/v2\/pages\/761\/revisions"}],"predecessor-version":[{"id":5808,"href":"https:\/\/www.cifor-icraf.org\/gcs\/wp-json\/wp\/v2\/pages\/761\/revisions\/5808"}],"up":[{"embeddable":true,"href":"https:\/\/www.cifor-icraf.org\/gcs\/wp-json\/wp\/v2\/pages\/5340"}],"wp:featuredmedia":[{"embeddable":true,"href":"https:\/\/www.cifor-icraf.org\/gcs\/wp-json\/wp\/v2\/media\/2407"}],"wp:attachment":[{"href":"https:\/\/www.cifor-icraf.org\/gcs\/wp-json\/wp\/v2\/media?parent=761"}],"curies":[{"name":"wp","href":"https:\/\/api.w.org\/{rel}","templated":true}]}}