{"id":912,"date":"2021-02-09T08:11:43","date_gmt":"2021-02-09T08:11:43","guid":{"rendered":"https:\/\/www.cifor-icraf.org\/gcsnew\/?page_id=912"},"modified":"2021-10-27T06:00:35","modified_gmt":"2021-10-27T06:00:35","slug":"brazil","status":"publish","type":"page","link":"https:\/\/www.cifor-icraf.org\/gcs\/research-themes\/multilevel-governance\/multi-stakeholder-forums\/brazil\/","title":{"rendered":"Brazil"},"content":{"rendered":"    <style>\n        .aside-left-1 li:first-child{\ndisplay:none;\n}    <\/style>\n    <div id=\"\" class=\" m-section m-margin-bottom-30 items-grid\">\n                <div class=\"row m-margin-bottom-10\">\n            <div class=\"col-md-6 col-xs-6\">\n                <h2 class=\"wpe-section-title moo-m-b-0\">Brazil case study <\/h2>\n            <\/div>\n\n            <div class=\"col-md-6 col-xs-6\">\n            <\/div>\n        <\/div>\n\n\n        <div class=\"dace-list row m-margin-bottom-50\"><div class=\"col-xs-12\"><div class=\"row\"><div class=\"col-md-4 col-xs-12 col-sm-6 moo-m-b-20 parent_eh\">\n                        <div class=\"post-box _grid w-100 publication h-100\">\n                            <a href=\"https:\/\/www.cifor-icraf.org\/knowledge\/publication\/43085\/\" class=\"m-margin-bottom-15 gtm-knowledge-list-publication-thumbnail\" title=\"From promises to practice: Persistent challenges in safeguarding local rights in forest carbon market initiatives\">\n                                <div class=\"post-box_thumbnail \">\n                                    <img decoding=\"async\" src=\"https:\/\/www.cifor-icraf.org\/uploads\/webservice\/17498848.jpg\" class=\"img-responsive img-publication\">\n                                <\/div>\n                                <div class=\"post-box_content\">\n                                    <div class=\"post-box_group\">\n                                        <div class=\"content-label\">Publication<\/div>\n                                            <div class=\"content-date mb-2\"><\/div>\n                                            <h2 class=\"content-title\">From promises to practice: Persistent challenges in safeguarding local rights in forest carbon market initiatives<\/h2>\n                                        <\/div>\n                                    <\/div>\n                            <\/a>\n                        <\/div>\n                    <\/div><div class=\"col-md-4 col-xs-12 col-sm-6 m-margin-xs-bottom-30\">\n                <div class=\"m-padding-top-10\">\n                    <a href=\"https:\/\/www.cifor-icraf.org\/knowledge\/false\/\"  title=\"Un nouvel outil permet aux planificateurs forestiers du Br\u00e9sil d\u2019anticiper l\u2019avenir\" class=\"m-margin-bottom-15 blog-bg\" style=\"background-image:url(https:\/\/forestsnews.cifor.org\/wp-content\/uploads\/2025\/03\/35743409642_15216027e5_c.webp);\n                   \">\n\n                    <\/a>\n                    <div class=\"m-uppercase m-weight-600 text--sm m-margin-bottom-10 m-margin-top-15\">news<\/div>\n                    <h4 class=\"m-weight-700\">\n                        <a href=\"https:\/\/www.cifor-icraf.org\/knowledge\/false\/\" class=\"m-link-dark\" title=\"Un nouvel outil permet aux planificateurs forestiers du Br\u00e9sil d\u2019anticiper l\u2019avenir\" >\n                            Un nouvel outil permet aux planificateurs forestiers du Br\u00e9sil d\u2019anticiper l\u2019avenir\n                        <\/a>\n                    <\/h4>\n                    <div class=\"text--sm\">\n                        20 March 2025\n                    <\/div>\n                <\/div>\n            <\/div><div class=\"col-md-4 col-xs-12 col-sm-6 m-margin-xs-bottom-30\">\n                <div class=\"m-padding-top-10\">\n                    <a href=\"https:\/\/www.cifor-icraf.org\/knowledge\/90730\/\"  title=\"Pemerintah Brasil pertimbangkan pola hilangnya hutan dalam rencana aksi baru\" class=\"m-margin-bottom-15 blog-bg\" style=\"background-image:url(https:\/\/forestsnews.cifor.org\/wp-content\/uploads\/2024\/12\/35035196424_c4353a68b0_c.jpg);\n                   \">\n\n                    <\/a>\n                    <div class=\"m-uppercase m-weight-600 text--sm m-margin-bottom-10 m-margin-top-15\">news<\/div>\n                    <h4 class=\"m-weight-700\">\n                        <a href=\"https:\/\/www.cifor-icraf.org\/knowledge\/90730\/\" class=\"m-link-dark\" title=\"Pemerintah Brasil pertimbangkan pola hilangnya hutan dalam rencana aksi baru\" >\n                            Pemerintah Brasil pertimbangkan pola hilangnya hutan dalam rencana aksi baru\n                        <\/a>\n                    <\/h4>\n                    <div class=\"text--sm\">\n                        29 December 2024\n                    <\/div>\n                <\/div>\n            <\/div><div class=\"col-md-4 col-xs-12 col-sm-6 m-margin-xs-bottom-30\">\n                <div class=\"m-padding-top-10\">\n                    <a href=\"https:\/\/www.cifor-icraf.org\/knowledge\/90709\/\"  title=\"Menyelidiki penyebab hilangnya hutan Brasil lewat perangkat pemodelan\" class=\"m-margin-bottom-15 blog-bg\" style=\"background-image:url(https:\/\/forestsnews.cifor.org\/wp-content\/uploads\/2024\/12\/35743409642_15216027e5_c.jpg);\n                   \">\n\n                    <\/a>\n                    <div class=\"m-uppercase m-weight-600 text--sm m-margin-bottom-10 m-margin-top-15\">news<\/div>\n                    <h4 class=\"m-weight-700\">\n                        <a href=\"https:\/\/www.cifor-icraf.org\/knowledge\/90709\/\" class=\"m-link-dark\" title=\"Menyelidiki penyebab hilangnya hutan Brasil lewat perangkat pemodelan\" >\n                            Menyelidiki penyebab hilangnya hutan Brasil lewat perangkat pemodelan\n                        <\/a>\n                    <\/h4>\n                    <div class=\"text--sm\">\n                        27 December 2024\n                    <\/div>\n                <\/div>\n            <\/div><div class=\"col-md-4 col-xs-12 col-sm-6 moo-m-b-20 parent_eh\">\n                        <div class=\"post-box _grid w-100 publication h-100\">\n                            <a href=\"https:\/\/www.cifor-icraf.org\/knowledge\/publication\/9193\/\" class=\"m-margin-bottom-15 gtm-knowledge-list-publication-thumbnail\" title=\"Can REDD+ achieve its goal? An examination of the effect of various combinations of interventions\">\n                                <div class=\"post-box_thumbnail \">\n                                    <img decoding=\"async\" src=\"https:\/\/www.cifor.org\/uploads\/webservice\/9193.jpg\" class=\"img-responsive img-publication\">\n                                <\/div>\n                                <div class=\"post-box_content\">\n                                    <div class=\"post-box_group\">\n                                        <div class=\"content-label\">Publication<\/div>\n                                            <div class=\"content-date mb-2\">2024<\/div>\n                                            <h2 class=\"content-title\">Can REDD+ achieve its goal? An examination of the effect of various combinations of interventions<\/h2>\n                                        <\/div>\n                                    <\/div>\n                            <\/a>\n                        <\/div>\n                    <\/div><div class=\"col-md-4 col-xs-12 col-sm-6 moo-m-b-20 parent_eh\">\n                        <div class=\"post-box _grid w-100 publication h-100\">\n                            <a href=\"https:\/\/www.cifor-icraf.org\/knowledge\/publication\/9193\/\" class=\"m-margin-bottom-15 gtm-knowledge-list-publication-thumbnail\" title=\"Can REDD+ achieve its goal? An examination of the effect of various combinations of interventions\">\n                                <div class=\"post-box_thumbnail \">\n                                    <img decoding=\"async\" src=\"https:\/\/www.cifor.org\/uploads\/webservice\/9193.jpg\" class=\"img-responsive img-publication\">\n                                <\/div>\n                                <div class=\"post-box_content\">\n                                    <div class=\"post-box_group\">\n                                        <div class=\"content-label\">Publication<\/div>\n                                            <div class=\"content-date mb-2\"><\/div>\n                                            <h2 class=\"content-title\">Can REDD+ achieve its goal? An examination of the effect of various combinations of interventions<\/h2>\n                                        <\/div>\n                                    <\/div>\n                            <\/a>\n                        <\/div>\n                    <\/div><div class=\"col-md-4 col-xs-12 col-sm-6 moo-m-b-20 parent_eh\">\n                        <div class=\"post-box _grid w-100 h-100\">\n                            <a href=\"https:\/\/www.cifor-icraf.org\/knowledge\/forests-news\/86696\/\">\n                                <div class=\"post-box_thumbnail \">\n                                    <img decoding=\"async\" class=\"img-responsive\" src=\"https:\/\/i0.wp.com\/forestsnews.cifor.org\/wp-content\/uploads\/2024\/03\/35743409642_15216027e5_c.jpg?resize=300%2C200&#038;ssl=1\" \/>\n                                <\/div>\n                            <\/a>\n                            <div class=\"post-box_content\">\n                                <div class=\"post-box_group\">\n                                    <div class=\"content-label\">Forests News<\/div>\n                                    <h2 class=\"content-title\">New tool helps Brazil\u2019s forest planners see into the future<\/h2>\n                                <\/div>\n                                <div class=\"content-date\">26 April 2024<\/div>\n                            <\/div>\n                        <\/div>\n                    <\/div><div class=\"col-md-4 col-xs-12 col-sm-6 moo-m-b-20 parent_eh\">\n                        <div class=\"post-box _grid w-100 h-100\">\n                            <a href=\"https:\/\/www.cifor-icraf.org\/knowledge\/forests-news\/87277\/\">\n                                <div class=\"post-box_thumbnail \">\n                                    <img decoding=\"async\" class=\"img-responsive\" src=\"https:\/\/i0.wp.com\/forestsnews.cifor.org\/wp-content\/uploads\/2024\/04\/35073165514_d462d859ec_k.jpg?resize=300%2C200&#038;ssl=1\" \/>\n                                <\/div>\n                            <\/a>\n                            <div class=\"post-box_content\">\n                                <div class=\"post-box_group\">\n                                    <div class=\"content-label\">Forests News<\/div>\n                                    <h2 class=\"content-title\">Una nueva herramienta permite a los responsables de las pol\u00edticas forestales de Brasil estimar el futuro<\/h2>\n                                <\/div>\n                                <div class=\"content-date\">11 April 2024<\/div>\n                            <\/div>\n                        <\/div>\n                    <\/div><div class=\"col-md-4 col-xs-12 col-sm-6 moo-m-b-20 parent_eh\">\n                        <div class=\"post-box _grid w-100 h-100\">\n                            <a href=\"https:\/\/www.cifor-icraf.org\/knowledge\/forests-news\/87103\/\">\n                                <div class=\"post-box_thumbnail \">\n                                    <img decoding=\"async\" class=\"img-responsive\" src=\"https:\/\/i0.wp.com\/forestsnews.cifor.org\/wp-content\/uploads\/2024\/03\/35723496682_8bce5f29df_k.jpg?resize=300%2C200&#038;ssl=1\" \/>\n                                <\/div>\n                            <\/a>\n                            <div class=\"post-box_content\">\n                                <div class=\"post-box_group\">\n                                    <div class=\"content-label\">Forests News<\/div>\n                                    <h2 class=\"content-title\">Cr\u00e9ditos de carbono provenientes da conserva\u00e7\u00e3o florestal exageram o impacto de projetos de REDD+ de baixa qualidade<\/h2>\n                                <\/div>\n                                <div class=\"content-date\">26 March 2024<\/div>\n                            <\/div>\n                        <\/div>\n                    <\/div><div class=\"col-md-4 col-xs-12 col-sm-6 moo-m-b-20 parent_eh\">\n                        <div class=\"post-box _grid w-100 h-100\">\n                            <a href=\"https:\/\/www.cifor-icraf.org\/knowledge\/forests-news\/86545\/\">\n                                <div class=\"post-box_thumbnail \">\n                                    <img decoding=\"async\" class=\"img-responsive\" src=\"https:\/\/i0.wp.com\/forestsnews.cifor.org\/wp-content\/uploads\/2024\/03\/35073165514_d462d859ec_k.jpg?resize=300%2C200&#038;ssl=1\" \/>\n                                <\/div>\n                            <\/a>\n                            <div class=\"post-box_content\">\n                                <div class=\"post-box_group\">\n                                    <div class=\"content-label\">Forests News<\/div>\n                                    <h2 class=\"content-title\">Nova ferramenta permite que os formuladores de pol\u00edticas florestais do Brasil vejam o futuro<\/h2>\n                                <\/div>\n                                <div class=\"content-date\">07 March 2024<\/div>\n                            <\/div>\n                        <\/div>\n                    <\/div>    <\/div>\n    <div class=\"row\">\n        <div class=\"col-xs-12\">\n                    <\/div>\n    <\/div>\n    <\/div>\n    <\/div>\n\n    <\/div>\n","protected":false},"excerpt":{"rendered":"","protected":false},"author":18,"featured_media":1240,"parent":761,"menu_order":0,"comment_status":"closed","ping_status":"closed","template":"","meta":{"inline_featured_image":false,"footnotes":"","_links_to":"","_links_to_target":""},"class_list":["post-912","page","type-page","status-publish","has-post-thumbnail","hentry"],"jetpack_sharing_enabled":true,"_links":{"self":[{"href":"https:\/\/www.cifor-icraf.org\/gcs\/wp-json\/wp\/v2\/pages\/912","targetHints":{"allow":["GET"]}}],"collection":[{"href":"https:\/\/www.cifor-icraf.org\/gcs\/wp-json\/wp\/v2\/pages"}],"about":[{"href":"https:\/\/www.cifor-icraf.org\/gcs\/wp-json\/wp\/v2\/types\/page"}],"author":[{"embeddable":true,"href":"https:\/\/www.cifor-icraf.org\/gcs\/wp-json\/wp\/v2\/users\/18"}],"replies":[{"embeddable":true,"href":"https:\/\/www.cifor-icraf.org\/gcs\/wp-json\/wp\/v2\/comments?post=912"}],"version-history":[{"count":10,"href":"https:\/\/www.cifor-icraf.org\/gcs\/wp-json\/wp\/v2\/pages\/912\/revisions"}],"predecessor-version":[{"id":2454,"href":"https:\/\/www.cifor-icraf.org\/gcs\/wp-json\/wp\/v2\/pages\/912\/revisions\/2454"}],"up":[{"embeddable":true,"href":"https:\/\/www.cifor-icraf.org\/gcs\/wp-json\/wp\/v2\/pages\/761"}],"wp:featuredmedia":[{"embeddable":true,"href":"https:\/\/www.cifor-icraf.org\/gcs\/wp-json\/wp\/v2\/media\/1240"}],"wp:attachment":[{"href":"https:\/\/www.cifor-icraf.org\/gcs\/wp-json\/wp\/v2\/media?parent=912"}],"curies":[{"name":"wp","href":"https:\/\/api.w.org\/{rel}","templated":true}]}}