{"id":915,"date":"2021-02-09T08:12:30","date_gmt":"2021-02-09T08:12:30","guid":{"rendered":"https:\/\/www.cifor-icraf.org\/gcsnew\/?page_id=915"},"modified":"2021-10-27T05:45:18","modified_gmt":"2021-10-27T05:45:18","slug":"peru","status":"publish","type":"page","link":"https:\/\/www.cifor-icraf.org\/gcs\/research-themes\/multilevel-governance\/multi-stakeholder-forums\/peru\/","title":{"rendered":"Peru"},"content":{"rendered":"    <style>\n        .aside-left-1 li:first-child{\ndisplay:none;\n}    <\/style>\n    <div id=\"\" class=\" m-section m-margin-bottom-30 items-grid\">\n                <div class=\"row m-margin-bottom-10\">\n            <div class=\"col-md-6 col-xs-6\">\n                <h2 class=\"wpe-section-title moo-m-b-0\">Peru case study<\/h2>\n            <\/div>\n\n            <div class=\"col-md-6 col-xs-6\">\n            <\/div>\n        <\/div>\n\n\n        <div class=\"dace-list row m-margin-bottom-50\"><div class=\"col-xs-12\"><div class=\"row\"><div class=\"col-md-4 col-xs-12 col-sm-6 m-margin-xs-bottom-30\">\n                <div class=\"m-padding-top-10\">\n                    <a href=\"https:\/\/www.cifor-icraf.org\/knowledge\/false\/\"  title=\"Pelajaran REDD+ dari Amazon Peru: Konservasi dan kesejahteraan masyarakat\" class=\"m-margin-bottom-15 blog-bg\" style=\"background-image:url(https:\/\/forestsnews.cifor.org\/wp-content\/uploads\/2025\/06\/44352507854_5dc3d9bc4f_6k-1-scaled-1.jpg);\n                   \">\n\n                    <\/a>\n                    <div class=\"m-uppercase m-weight-600 text--sm m-margin-bottom-10 m-margin-top-15\">news<\/div>\n                    <h4 class=\"m-weight-700\">\n                        <a href=\"https:\/\/www.cifor-icraf.org\/knowledge\/false\/\" class=\"m-link-dark\" title=\"Pelajaran REDD+ dari Amazon Peru: Konservasi dan kesejahteraan masyarakat\" >\n                            Pelajaran REDD+ dari Amazon Peru: Konservasi dan kesejahteraan masyarakat\n                        <\/a>\n                    <\/h4>\n                    <div class=\"text--sm\">\n                        17 June 2025\n                    <\/div>\n                <\/div>\n            <\/div><div class=\"col-md-4 col-xs-12 col-sm-6 m-margin-xs-bottom-30\">\n                <div class=\"m-padding-top-10\">\n                    <a href=\"https:\/\/www.cifor-icraf.org\/knowledge\/false\/\"  title=\"Doing better: How REDD+ safeguards can advance Indigenous rights in Peru\" class=\"m-margin-bottom-15 blog-bg\" style=\"background-image:url(https:\/\/forestsnews.cifor.org\/wp-content\/uploads\/2025\/06\/Marlondag-CIFOR-Sol-Mujeres-SF-103-1-2-566x400.jpg);\n                   \">\n\n                    <\/a>\n                    <div class=\"m-uppercase m-weight-600 text--sm m-margin-bottom-10 m-margin-top-15\">news<\/div>\n                    <h4 class=\"m-weight-700\">\n                        <a href=\"https:\/\/www.cifor-icraf.org\/knowledge\/false\/\" class=\"m-link-dark\" title=\"Doing better: How REDD+ safeguards can advance Indigenous rights in Peru\" >\n                            Doing better: How REDD+ safeguards can advance Indigenous rights in Peru\n                        <\/a>\n                    <\/h4>\n                    <div class=\"text--sm\">\n                        04 June 2025\n                    <\/div>\n                <\/div>\n            <\/div><div class=\"col-md-4 col-xs-12 col-sm-6 m-margin-xs-bottom-30\">\n                <div class=\"m-padding-top-10\">\n                    <a href=\"https:\/\/www.cifor-icraf.org\/knowledge\/false\/\"  title=\"\u201cREDD+ and other climate mechanisms must be built from the ground up\u201d\" class=\"m-margin-bottom-15 blog-bg\" style=\"background-image:url(https:\/\/forestsnews.cifor.org\/wp-content\/uploads\/2025\/05\/44352507854_5dc3d9bc4f_6k-1-scaled.jpg);\n                   \">\n\n                    <\/a>\n                    <div class=\"m-uppercase m-weight-600 text--sm m-margin-bottom-10 m-margin-top-15\">news<\/div>\n                    <h4 class=\"m-weight-700\">\n                        <a href=\"https:\/\/www.cifor-icraf.org\/knowledge\/false\/\" class=\"m-link-dark\" title=\"\u201cREDD+ and other climate mechanisms must be built from the ground up\u201d\" >\n                            \u201cREDD+ and other climate mechanisms must be built from the ground up\u201d\n                        <\/a>\n                    <\/h4>\n                    <div class=\"text--sm\">\n                        04 June 2025\n                    <\/div>\n                <\/div>\n            <\/div><div class=\"col-md-4 col-xs-12 col-sm-6 m-margin-xs-bottom-30\">\n                <div class=\"m-padding-top-10\">\n                    <a href=\"https:\/\/www.cifor-icraf.org\/knowledge\/false\/\"  title=\"Las iniciativas REDD+ deben adaptarse a la realidad sociocultural de cada territorio\" class=\"m-margin-bottom-15 blog-bg\" style=\"background-image:url(https:\/\/forestsnews.cifor.org\/wp-content\/uploads\/2025\/05\/44352507854_5dc3d9bc4f_6k-scaled.jpg);\n                   \">\n\n                    <\/a>\n                    <div class=\"m-uppercase m-weight-600 text--sm m-margin-bottom-10 m-margin-top-15\">news<\/div>\n                    <h4 class=\"m-weight-700\">\n                        <a href=\"https:\/\/www.cifor-icraf.org\/knowledge\/false\/\" class=\"m-link-dark\" title=\"Las iniciativas REDD+ deben adaptarse a la realidad sociocultural de cada territorio\" >\n                            Las iniciativas REDD+ deben adaptarse a la realidad sociocultural de cada territorio\n                        <\/a>\n                    <\/h4>\n                    <div class=\"text--sm\">\n                        04 June 2025\n                    <\/div>\n                <\/div>\n            <\/div><div class=\"col-md-4 col-xs-12 col-sm-6 moo-m-b-20 parent_eh\">\n                        <div class=\"post-box _grid w-100 publication h-100\">\n                            <a href=\"https:\/\/www.cifor-icraf.org\/knowledge\/publication\/44566\/\" class=\"m-margin-bottom-15 gtm-knowledge-list-publication-thumbnail\" title=\"Conversion of degraded forests to oil palm plantations in the Peruvian Amazonia: Shifts in soil and ecosystem-level greenhouse gas fluxes\">\n                                <div class=\"post-box_thumbnail \">\n                                    <img decoding=\"async\" src=\"https:\/\/www.cifor-icraf.org\/uploads\/webservice\/01678809.jpg\" class=\"img-responsive img-publication\">\n                                <\/div>\n                                <div class=\"post-box_content\">\n                                    <div class=\"post-box_group\">\n                                        <div class=\"content-label\">Publication<\/div>\n                                            <div class=\"content-date mb-2\"><\/div>\n                                            <h2 class=\"content-title\">Conversion of degraded forests to oil palm plantations in the Peruvian Amazonia: Shifts in soil and ecosystem-level greenhouse gas fluxes<\/h2>\n                                        <\/div>\n                                    <\/div>\n                            <\/a>\n                        <\/div>\n                    <\/div><div class=\"col-md-4 col-xs-12 col-sm-6 m-margin-xs-bottom-30\">\n                <div class=\"m-padding-top-10\">\n                    <a href=\"https:\/\/www.cifor-icraf.org\/knowledge\/false\/\"  title=\"Salvaguardas REDD+ en Per\u00fa: \u00bfC\u00f3mo pueden contribuir a mejorar los derechos de las comunidades?\" class=\"m-margin-bottom-15 blog-bg\" style=\"background-image:url(https:\/\/forestsnews.cifor.org\/wp-content\/uploads\/2025\/04\/Marlondag-CIFOR-Sol-Mujeres-SF-103-1-2-566x400.jpg);\n                   \">\n\n                    <\/a>\n                    <div class=\"m-uppercase m-weight-600 text--sm m-margin-bottom-10 m-margin-top-15\">news<\/div>\n                    <h4 class=\"m-weight-700\">\n                        <a href=\"https:\/\/www.cifor-icraf.org\/knowledge\/false\/\" class=\"m-link-dark\" title=\"Salvaguardas REDD+ en Per\u00fa: \u00bfC\u00f3mo pueden contribuir a mejorar los derechos de las comunidades?\" >\n                            Salvaguardas REDD+ en Per\u00fa: \u00bfC\u00f3mo pueden contribuir a mejorar los derechos de las comunidades?\n                        <\/a>\n                    <\/h4>\n                    <div class=\"text--sm\">\n                        21 April 2025\n                    <\/div>\n                <\/div>\n            <\/div><div class=\"col-md-4 col-xs-12 col-sm-6 m-margin-xs-bottom-30\">\n                <div class=\"m-padding-top-10\">\n                    <a href=\"https:\/\/www.cifor-icraf.org\/knowledge\/false\/\"  title=\"Mod\u00e9liser la d\u00e9forestation future au P\u00e9rou\" class=\"m-margin-bottom-15 blog-bg\" style=\"background-image:url(https:\/\/forestsnews.cifor.org\/wp-content\/uploads\/2025\/03\/52435007554_ab140a7394_c.webp);\n                   \">\n\n                    <\/a>\n                    <div class=\"m-uppercase m-weight-600 text--sm m-margin-bottom-10 m-margin-top-15\">news<\/div>\n                    <h4 class=\"m-weight-700\">\n                        <a href=\"https:\/\/www.cifor-icraf.org\/knowledge\/false\/\" class=\"m-link-dark\" title=\"Mod\u00e9liser la d\u00e9forestation future au P\u00e9rou\" >\n                            Mod\u00e9liser la d\u00e9forestation future au P\u00e9rou\n                        <\/a>\n                    <\/h4>\n                    <div class=\"text--sm\">\n                        20 March 2025\n                    <\/div>\n                <\/div>\n            <\/div><div class=\"col-md-4 col-xs-12 col-sm-6 moo-m-b-20 parent_eh\">\n                        <div class=\"post-box _grid w-100 publication h-100\">\n                            <a href=\"https:\/\/www.cifor-icraf.org\/knowledge\/publication\/9347\/\" class=\"m-margin-bottom-15 gtm-knowledge-list-publication-thumbnail\" title=\"Impulsando pol\u00edticas para la conservaci\u00f3n de las turberas amaz\u00f3nicas en Per\u00fa\">\n                                <div class=\"post-box_thumbnail \">\n                                    <img decoding=\"async\" src=\"https:\/\/www.cifor-icraf.org\/uploads\/webservice\/9347.jpg\" class=\"img-responsive img-publication\">\n                                <\/div>\n                                <div class=\"post-box_content\">\n                                    <div class=\"post-box_group\">\n                                        <div class=\"content-label\">Publication<\/div>\n                                            <div class=\"content-date mb-2\"><\/div>\n                                            <h2 class=\"content-title\">Impulsando pol\u00edticas para la conservaci\u00f3n de las turberas amaz\u00f3nicas en Per\u00fa<\/h2>\n                                        <\/div>\n                                    <\/div>\n                            <\/a>\n                        <\/div>\n                    <\/div><div class=\"col-md-4 col-xs-12 col-sm-6 moo-m-b-20 parent_eh\">\n                        <div class=\"post-box _grid w-100 publication h-100\">\n                            <a href=\"https:\/\/www.cifor-icraf.org\/knowledge\/publication\/9345\/\" class=\"m-margin-bottom-15 gtm-knowledge-list-publication-thumbnail\" title=\"Mengkaji Dukungan terhadap Hak Masyarakat Adat dan Masyarakat Lokal (IP dan LC) dalam Konteks REDD+ di RD Kongo, Indonesia, dan Peru: Analisis Komparatif serta Rekomendasi untuk Melangkah Maju\">\n                                <div class=\"post-box_thumbnail \">\n                                    <img decoding=\"async\" src=\"https:\/\/www.cifor-icraf.org\/uploads\/webservice\/9345.jpg\" class=\"img-responsive img-publication\">\n                                <\/div>\n                                <div class=\"post-box_content\">\n                                    <div class=\"post-box_group\">\n                                        <div class=\"content-label\">Publication<\/div>\n                                            <div class=\"content-date mb-2\"><\/div>\n                                            <h2 class=\"content-title\">Mengkaji Dukungan terhadap Hak Masyarakat Adat dan Masyarakat Lokal (IP dan LC) dalam Konteks REDD+ di RD Kongo, Indonesia, dan Peru: Analisis Komparatif serta Rekomendasi untuk Melangkah Maju<\/h2>\n                                        <\/div>\n                                    <\/div>\n                            <\/a>\n                        <\/div>\n                    <\/div><div class=\"col-md-4 col-xs-12 col-sm-6 m-margin-xs-bottom-30\">\n                <div class=\"m-padding-top-10\">\n                    <a href=\"https:\/\/www.cifor-icraf.org\/knowledge\/90705\/\"  title=\"Memodelkan kondisi hutan Peru di masa depan\" class=\"m-margin-bottom-15 blog-bg\" style=\"background-image:url(https:\/\/forestsnews.cifor.org\/wp-content\/uploads\/2024\/12\/peruuu.jpg);\n                   \">\n\n                    <\/a>\n                    <div class=\"m-uppercase m-weight-600 text--sm m-margin-bottom-10 m-margin-top-15\">news<\/div>\n                    <h4 class=\"m-weight-700\">\n                        <a href=\"https:\/\/www.cifor-icraf.org\/knowledge\/90705\/\" class=\"m-link-dark\" title=\"Memodelkan kondisi hutan Peru di masa depan\" >\n                            Memodelkan kondisi hutan Peru di masa depan\n                        <\/a>\n                    <\/h4>\n                    <div class=\"text--sm\">\n                        24 December 2024\n                    <\/div>\n                <\/div>\n            <\/div>    <\/div>\n    <div class=\"row\">\n        <div class=\"col-xs-12\">\n                    <\/div>\n    <\/div>\n    <\/div>\n    <\/div>\n\n    <\/div>\n","protected":false},"excerpt":{"rendered":"","protected":false},"author":18,"featured_media":2440,"parent":761,"menu_order":0,"comment_status":"closed","ping_status":"closed","template":"","meta":{"inline_featured_image":false,"footnotes":"","_links_to":"","_links_to_target":""},"class_list":["post-915","page","type-page","status-publish","has-post-thumbnail","hentry"],"jetpack_sharing_enabled":true,"_links":{"self":[{"href":"https:\/\/www.cifor-icraf.org\/gcs\/wp-json\/wp\/v2\/pages\/915","targetHints":{"allow":["GET"]}}],"collection":[{"href":"https:\/\/www.cifor-icraf.org\/gcs\/wp-json\/wp\/v2\/pages"}],"about":[{"href":"https:\/\/www.cifor-icraf.org\/gcs\/wp-json\/wp\/v2\/types\/page"}],"author":[{"embeddable":true,"href":"https:\/\/www.cifor-icraf.org\/gcs\/wp-json\/wp\/v2\/users\/18"}],"replies":[{"embeddable":true,"href":"https:\/\/www.cifor-icraf.org\/gcs\/wp-json\/wp\/v2\/comments?post=915"}],"version-history":[{"count":6,"href":"https:\/\/www.cifor-icraf.org\/gcs\/wp-json\/wp\/v2\/pages\/915\/revisions"}],"predecessor-version":[{"id":2443,"href":"https:\/\/www.cifor-icraf.org\/gcs\/wp-json\/wp\/v2\/pages\/915\/revisions\/2443"}],"up":[{"embeddable":true,"href":"https:\/\/www.cifor-icraf.org\/gcs\/wp-json\/wp\/v2\/pages\/761"}],"wp:featuredmedia":[{"embeddable":true,"href":"https:\/\/www.cifor-icraf.org\/gcs\/wp-json\/wp\/v2\/media\/2440"}],"wp:attachment":[{"href":"https:\/\/www.cifor-icraf.org\/gcs\/wp-json\/wp\/v2\/media?parent=915"}],"curies":[{"name":"wp","href":"https:\/\/api.w.org\/{rel}","templated":true}]}}